{"id":1009,"date":"2023-05-03T10:01:34","date_gmt":"2023-05-03T10:01:34","guid":{"rendered":"https:\/\/temporal.hotelfornoscalatayud.com\/?page_id=1009"},"modified":"2023-12-18T11:34:19","modified_gmt":"2023-12-18T11:34:19","slug":"events","status":"publish","type":"page","link":"https:\/\/hotelfornoscalatayud.com\/en\/events\/","title":{"rendered":"Events"},"content":{"rendered":"<div class=\"wp-block-uagb-container uagb-block-47d79131 alignfull uagb-is-root-container\"><div class=\"uagb-container-inner-blocks-wrap\">\n<div class=\"wp-block-uagb-advanced-heading uagb-block-8fcfc569\"><h1 class=\"uagb-heading-text\">Events<\/h1><p class=\"uagb-desc-text\">In the hotel Fornos we put at your disposal&nbsp;<strong>two rooms of large dimensions<\/strong>with the capacity to house<strong>&nbsp;up to 150 people.<\/strong><\/p><\/div>\n<\/div><\/div>\n\n\n\n<div class=\"wp-block-uagb-container uagb-block-6f18c627 alignfull uagb-is-root-container\"><div class=\"uagb-container-inner-blocks-wrap\">\n<div class=\"wp-block-uagb-container uagb-block-f4c2fe7e\">\n<div class=\"wp-block-uagb-container uagb-block-9bbc73fe\">\n<div class=\"wp-block-uagb-advanced-heading uagb-block-26fb300c\"><h2 class=\"uagb-heading-text\">Two rooms of large dimensions<\/h2><\/div>\n<\/div>\n\n\n\n<div class=\"wp-block-uagb-container uagb-block-da0d5fda\">\n<p class=\"has-ast-global-color-3-color has-text-color\">Our meeting rooms <strong>multifunctional<\/strong>&nbsp;they are equipped with a pa system, video projector, an overhead projector, and free internet access. Upon request the hotel can provide you with all the audiovisual media and services that may be required (hostesses, photo, video, animation...)<\/p>\n<\/div>\n<\/div>\n\n\n\n<h2 class=\"wp-block-heading has-text-align-right has-ast-global-color-0-color has-text-color\">Main Hall<\/h2>\n\n\n\n<div class=\"wp-block-uagb-container uagb-block-6951dc10\">\n<div class=\"wp-block-uagb-container uagb-block-4b7e4a16\">\n<div class=\"wp-block-uagb-container uagb-block-1b530393\">\n<div class=\"wp-block-uagb-info-box uagb-block-dc0d14b7 uagb-infobox__content-wrap  uagb-infobox-icon-above-title uagb-infobox-image-valign-top\"><div class=\"uagb-ifb-content\"><div class=\"uagb-ifb-icon-wrap\"><svg xmlns=\"https:\/\/www.w3.org\/2000\/svg\" viewbox=\"0 0 512 512\"><path d=\"M177.9 494.1C159.2 512.8 128.8 512.8 110.1 494.1L17.94 401.9C-.8054 383.2-.8054 352.8 17.94 334.1L68.69 283.3L116.7 331.3C122.9 337.6 133.1 337.6 139.3 331.3C145.6 325.1 145.6 314.9 139.3 308.7L91.31 260.7L132.7 219.3L180.7 267.3C186.9 273.6 197.1 273.6 203.3 267.3C209.6 261.1 209.6 250.9 203.3 244.7L155.3 196.7L196.7 155.3L244.7 203.3C250.9 209.6 261.1 209.6 267.3 203.3C273.6 197.1 273.6 186.9 267.3 180.7L219.3 132.7L260.7 91.31L308.7 139.3C314.9 145.6 325.1 145.6 331.3 139.3C337.6 133.1 337.6 122.9 331.3 116.7L283.3 68.69L334.1 17.94C352.8-.8055 383.2-.8055 401.9 17.94L494.1 110.1C512.8 128.8 512.8 159.2 494.1 177.9L177.9 494.1z\"><\/path><\/svg><\/div><div class=\"uagb-ifb-title-wrap\"><h3 class=\"uagb-ifb-title\">174 m<sup>2<\/sup><\/h3><\/div><\/div><\/div>\n<\/div>\n\n\n\n<div class=\"wp-block-uagb-container uagb-block-d9ff980d\">\n<div class=\"wp-block-uagb-info-box uagb-block-178b9c9e uagb-infobox__content-wrap  uagb-infobox-icon-above-title uagb-infobox-image-valign-top\"><div class=\"uagb-ifb-content\"><div class=\"uagb-ifb-icon-wrap\"><svg xmlns=\"https:\/\/www.w3.org\/2000\/svg\" viewbox=\"0 0 640 512\"><path d=\"M224 256c70.7 0 128-57.31 128-128S294.7 0 224 0C153.3 0 96 57.31 96 128S153.3 256 224 256zM274.7 304H173.3c-95.73 0-173.3 77.6-173.3 173.3C0 496.5 15.52 512 34.66 512H413.3C432.5 512 448 496.5 448 477.3C448 381.6 370.4 304 274.7 304zM479.1 320h-73.85C451.2 357.7 480 414.1 480 477.3C480 490.1 476.2 501.9 470 512h138C625.7 512 640 497.6 640 479.1C640 391.6 568.4 320 479.1 320zM432 256C493.9 256 544 205.9 544 144S493.9 32 432 32c-25.11 0-48.04 8.555-66.72 22.51C376.8 76.63 384 101.4 384 128c0 35.52-11.93 68.14-31.59 94.71C372.7 243.2 400.8 256 432 256z\"><\/path><\/svg><\/div><div class=\"uagb-ifb-title-wrap\"><h3 class=\"uagb-ifb-title\">120 \u2013 150 pers.<\/h3><\/div><\/div><\/div>\n<\/div>\n\n\n\n<div class=\"wp-block-uagb-container uagb-block-e8db3fe2\"><\/div>\n\n\n\n<div class=\"wp-block-uagb-container uagb-block-f2ebcaca\"><\/div>\n<\/div>\n\n\n\n<div class=\"wp-block-uagb-container uagb-block-2900ed29\">\n<div class=\"wp-block-uagb-image uagb-block-f7595421 wp-block-uagb-image--layout-default wp-block-uagb-image--effect-static wp-block-uagb-image--align-none\"><figure class=\"wp-block-uagb-image__figure\"><img loading=\"lazy\" decoding=\"async\" srcset=\"https:\/\/temporal.hotelfornoscalatayud.com\/wp-content\/uploads\/2023\/07\/restaurante-hotel-fornos-salon-grande-1024x683.jpg ,https:\/\/hotelfornoscalatayud.com\/wp-content\/uploads\/2023\/07\/restaurante-hotel-fornos-salon-grande.jpg 780w, https:\/\/hotelfornoscalatayud.com\/wp-content\/uploads\/2023\/07\/restaurante-hotel-fornos-salon-grande.jpg 360w\" sizes=\"auto, (max-width: 480px) 150px\" src=\"https:\/\/temporal.hotelfornoscalatayud.com\/wp-content\/uploads\/2023\/07\/restaurante-hotel-fornos-salon-grande-1024x683.jpg\" alt=\"\" class=\"uag-image-1215\" width=\"1024\" height=\"683\" title=\"\"\/><\/figure><\/div>\n<\/div>\n<\/div>\n\n\n\n<h2 class=\"wp-block-heading has-ast-global-color-0-color has-text-color\">Living room side<\/h2>\n\n\n\n<div class=\"wp-block-uagb-container uagb-block-f10a5e6a\">\n<div class=\"wp-block-uagb-container uagb-block-62cd3b3d\">\n<div class=\"wp-block-uagb-container uagb-block-26389050\">\n<div class=\"wp-block-uagb-info-box uagb-block-7ce49389 uagb-infobox__content-wrap  uagb-infobox-icon-above-title uagb-infobox-image-valign-top\"><div class=\"uagb-ifb-content\"><div class=\"uagb-ifb-icon-wrap\"><svg xmlns=\"https:\/\/www.w3.org\/2000\/svg\" viewbox=\"0 0 512 512\"><path d=\"M177.9 494.1C159.2 512.8 128.8 512.8 110.1 494.1L17.94 401.9C-.8054 383.2-.8054 352.8 17.94 334.1L68.69 283.3L116.7 331.3C122.9 337.6 133.1 337.6 139.3 331.3C145.6 325.1 145.6 314.9 139.3 308.7L91.31 260.7L132.7 219.3L180.7 267.3C186.9 273.6 197.1 273.6 203.3 267.3C209.6 261.1 209.6 250.9 203.3 244.7L155.3 196.7L196.7 155.3L244.7 203.3C250.9 209.6 261.1 209.6 267.3 203.3C273.6 197.1 273.6 186.9 267.3 180.7L219.3 132.7L260.7 91.31L308.7 139.3C314.9 145.6 325.1 145.6 331.3 139.3C337.6 133.1 337.6 122.9 331.3 116.7L283.3 68.69L334.1 17.94C352.8-.8055 383.2-.8055 401.9 17.94L494.1 110.1C512.8 128.8 512.8 159.2 494.1 177.9L177.9 494.1z\"><\/path><\/svg><\/div><div class=\"uagb-ifb-title-wrap\"><h3 class=\"uagb-ifb-title\">66 m<sup>2<\/sup><\/h3><\/div><\/div><\/div>\n<\/div>\n\n\n\n<div class=\"wp-block-uagb-container uagb-block-0c1619a2\">\n<div class=\"wp-block-uagb-info-box uagb-block-34884694 uagb-infobox__content-wrap  uagb-infobox-icon-above-title uagb-infobox-image-valign-top\"><div class=\"uagb-ifb-content\"><div class=\"uagb-ifb-icon-wrap\"><svg xmlns=\"https:\/\/www.w3.org\/2000\/svg\" viewbox=\"0 0 640 512\"><path d=\"M224 256c70.7 0 128-57.31 128-128S294.7 0 224 0C153.3 0 96 57.31 96 128S153.3 256 224 256zM274.7 304H173.3c-95.73 0-173.3 77.6-173.3 173.3C0 496.5 15.52 512 34.66 512H413.3C432.5 512 448 496.5 448 477.3C448 381.6 370.4 304 274.7 304zM479.1 320h-73.85C451.2 357.7 480 414.1 480 477.3C480 490.1 476.2 501.9 470 512h138C625.7 512 640 497.6 640 479.1C640 391.6 568.4 320 479.1 320zM432 256C493.9 256 544 205.9 544 144S493.9 32 432 32c-25.11 0-48.04 8.555-66.72 22.51C376.8 76.63 384 101.4 384 128c0 35.52-11.93 68.14-31.59 94.71C372.7 243.2 400.8 256 432 256z\"><\/path><\/svg><\/div><div class=\"uagb-ifb-title-wrap\"><h3 class=\"uagb-ifb-title\">45 \u2013 50 pers.<\/h3><\/div><\/div><\/div>\n<\/div>\n\n\n\n<div class=\"wp-block-uagb-container uagb-block-0eacbf11\"><\/div>\n\n\n\n<div class=\"wp-block-uagb-container uagb-block-2e54db87\"><\/div>\n<\/div>\n\n\n\n<div class=\"wp-block-uagb-container uagb-block-f9593b91\">\n<div class=\"wp-block-uagb-image uagb-block-c75e9b40 wp-block-uagb-image--layout-default wp-block-uagb-image--effect-static wp-block-uagb-image--align-none\"><figure class=\"wp-block-uagb-image__figure\"><img loading=\"lazy\" decoding=\"async\" srcset=\"https:\/\/temporal.hotelfornoscalatayud.com\/wp-content\/uploads\/2023\/05\/Salon-eventos-calatayud.jpg ,https:\/\/hotelfornoscalatayud.com\/wp-content\/uploads\/2023\/05\/Salon-eventos-calatayud.jpg 780w, https:\/\/hotelfornoscalatayud.com\/wp-content\/uploads\/2023\/05\/Salon-eventos-calatayud.jpg 360w\" sizes=\"auto, (max-width: 480px) 150px\" src=\"https:\/\/temporal.hotelfornoscalatayud.com\/wp-content\/uploads\/2023\/05\/Salon-eventos-calatayud.jpg\" alt=\"\" class=\"uag-image-1014\" width=\"1000\" height=\"667\" title=\"\"\/><\/figure><\/div>\n<\/div>\n<\/div>\n<\/div><\/div>\n\n\n\n<div class=\"wp-block-uagb-container uagb-block-62fd1603 alignfull uagb-is-root-container\"><div class=\"uagb-container-inner-blocks-wrap\">\n<div class=\"wp-block-uagb-container uagb-block-0aa144e5\">\n<div class=\"wp-block-uagb-container uagb-block-2b1df94f\">\n<div class=\"wp-block-uagb-advanced-heading uagb-block-97427290\"><h2 class=\"uagb-heading-text\">All kinds of events<\/h2><p class=\"uagb-desc-text\">The versatility of our rooms causes them to be suitable for all types of events.<\/p><\/div>\n<\/div>\n\n\n\n<div class=\"wp-block-uagb-container uagb-block-8fdd9add\"><\/div>\n<\/div>\n\n\n\n<div class=\"wp-block-uagb-container uagb-block-c07c7f24\">\n<div class=\"wp-block-uagb-container uagb-block-0bb5d8d9\">\n<div class=\"wp-block-uagb-info-box uagb-block-e9cfd5c9 uagb-infobox__content-wrap  uagb-infobox-icon-above-title uagb-infobox-image-valign-top\"><div class=\"uagb-ifb-content\"><div class=\"uagb-ifb-title-wrap\"><h3 class=\"uagb-ifb-title\"><strong>Corporate events<\/strong><\/h3><\/div><p class=\"uagb-ifb-desc\">Meetings, training courses, conferences, business presentations...<\/p><div class=\"uagb-ifb-separator\"><\/div><div class=\"uagb-ifb-button-wrapper wp-block-button\"><a href=\"#\" target=\"_self\" onclick=\"return false;\" class=\"uagb-infobox-cta-link\" rel=\"noopener noreferrer\" alt=\"\"><span class=\"uagb-inline-editing\">Learn more<\/span><\/a><\/div><\/div><\/div>\n<\/div>\n\n\n\n<div class=\"wp-block-uagb-container uagb-block-09a95459\">\n<div class=\"wp-block-uagb-info-box uagb-block-28158140 uagb-infobox__content-wrap  uagb-infobox-icon-above-title uagb-infobox-image-valign-top\"><div class=\"uagb-ifb-content\"><div class=\"uagb-ifb-title-wrap\"><h3 class=\"uagb-ifb-title\">Social events<\/h3><\/div><p class=\"uagb-ifb-desc\">Club meetings of friends, associations, ...<\/p><div class=\"uagb-ifb-separator\"><\/div><div class=\"uagb-ifb-button-wrapper wp-block-button\"><a href=\"#\" target=\"_self\" onclick=\"return false;\" class=\"uagb-infobox-cta-link\" rel=\"noopener noreferrer\" alt=\"\"><span class=\"uagb-inline-editing\">Learn more<\/span><\/a><\/div><\/div><\/div>\n<\/div>\n\n\n\n<div class=\"wp-block-uagb-container uagb-block-0dc880b9\">\n<div class=\"wp-block-uagb-info-box uagb-block-317a6258 uagb-infobox__content-wrap  uagb-infobox-icon-above-title uagb-infobox-image-valign-top\"><div class=\"uagb-ifb-content\"><div class=\"uagb-ifb-title-wrap\"><h3 class=\"uagb-ifb-title\"><strong><strong><strong>Special events and celebrations<\/strong><\/strong><\/strong><\/h3><\/div><p class=\"uagb-ifb-desc\">Family reunions, anniversaries, first communions...<\/p><div class=\"uagb-ifb-separator\"><\/div><div class=\"uagb-ifb-button-wrapper wp-block-button\"><a href=\"#\" target=\"_self\" onclick=\"return false;\" class=\"uagb-infobox-cta-link\" rel=\"noopener noreferrer\" alt=\"\"><span class=\"uagb-inline-editing\">Learn more<\/span><\/a><\/div><\/div><\/div>\n<\/div>\n\n\n\n<div class=\"wp-block-uagb-container uagb-block-4731f289\">\n<div class=\"wp-block-uagb-info-box uagb-block-567d36f6 uagb-infobox__content-wrap  uagb-infobox-icon-above-title uagb-infobox-image-valign-top\"><div class=\"uagb-ifb-content\"><div class=\"uagb-ifb-title-wrap\"><h3 class=\"uagb-ifb-title\"><strong>Acts of cultural and political<\/strong><\/h3><\/div><div class=\"uagb-ifb-separator\"><\/div><div class=\"uagb-ifb-button-wrapper wp-block-button\"><a href=\"#\" target=\"_self\" onclick=\"return false;\" class=\"uagb-infobox-cta-link\" rel=\"noopener noreferrer\" alt=\"\"><span class=\"uagb-inline-editing\">Learn more<\/span><\/a><\/div><\/div><\/div>\n<\/div>\n<\/div>\n<\/div><\/div>\n\n\n\n<p><\/p>","protected":false},"excerpt":{"rendered":"<p>Eventos\u200b En el hotel Fornos ponemos a su disposici\u00f3n&nbsp;dos salas de amplias dimensiones, con capacidad para albergar&nbsp;hasta 150 personas. Dos salas de amplias dimensiones Nuestras salas de reuniones multifuncionales&nbsp;est\u00e1n dotadas de megafon\u00eda, video, proyector y acceso a internet gratuito. Bajo petici\u00f3n el hotel puede facilitarte todos los medios audiovisuales y servicios que se precisen (azafatas, [&hellip;]<\/p>","protected":false},"author":1,"featured_media":0,"parent":0,"menu_order":0,"comment_status":"closed","ping_status":"closed","template":"","meta":{"_uag_custom_page_level_css":"","site-sidebar-layout":"default","site-content-layout":"","ast-site-content-layout":"default","site-content-style":"default","site-sidebar-style":"default","ast-global-header-display":"","ast-banner-title-visibility":"","ast-main-header-display":"","ast-hfb-above-header-display":"","ast-hfb-below-header-display":"","ast-hfb-mobile-header-display":"","site-post-title":"disabled","ast-breadcrumbs-content":"","ast-featured-img":"","footer-sml-layout":"","theme-transparent-header-meta":"","adv-header-id-meta":"","stick-header-meta":"","header-above-stick-meta":"","header-main-stick-meta":"","header-below-stick-meta":"","astra-migrate-meta-layouts":"set","ast-page-background-enabled":"default","ast-page-background-meta":{"desktop":{"background-color":"var(--ast-global-color-4)","background-image":"","background-repeat":"repeat","background-position":"center center","background-size":"auto","background-attachment":"scroll","background-type":"","background-media":"","overlay-type":"","overlay-color":"","overlay-opacity":"","overlay-gradient":""},"tablet":{"background-color":"","background-image":"","background-repeat":"repeat","background-position":"center center","background-size":"auto","background-attachment":"scroll","background-type":"","background-media":"","overlay-type":"","overlay-color":"","overlay-opacity":"","overlay-gradient":""},"mobile":{"background-color":"","background-image":"","background-repeat":"repeat","background-position":"center center","background-size":"auto","background-attachment":"scroll","background-type":"","background-media":"","overlay-type":"","overlay-color":"","overlay-opacity":"","overlay-gradient":""}},"ast-content-background-meta":{"desktop":{"background-color":"var(--ast-global-color-5)","background-image":"","background-repeat":"repeat","background-position":"center center","background-size":"auto","background-attachment":"scroll","background-type":"","background-media":"","overlay-type":"","overlay-color":"","overlay-opacity":"","overlay-gradient":""},"tablet":{"background-color":"var(--ast-global-color-5)","background-image":"","background-repeat":"repeat","background-position":"center center","background-size":"auto","background-attachment":"scroll","background-type":"","background-media":"","overlay-type":"","overlay-color":"","overlay-opacity":"","overlay-gradient":""},"mobile":{"background-color":"var(--ast-global-color-5)","background-image":"","background-repeat":"repeat","background-position":"center center","background-size":"auto","background-attachment":"scroll","background-type":"","background-media":"","overlay-type":"","overlay-color":"","overlay-opacity":"","overlay-gradient":""}},"_themeisle_gutenberg_block_has_review":false,"footnotes":""},"class_list":["post-1009","page","type-page","status-publish","hentry"],"yoast_head":"<!-- This site is optimized with the Yoast SEO plugin v25.8 - https:\/\/yoast.com\/wordpress\/plugins\/seo\/ -->\n<title>Eventos - Hotel Fornos Calatayud<\/title>\n<meta name=\"description\" content=\"En el hotel Fornos ponemos a su disposici\u00f3n dos salas de amplias dimensiones, con capacidad para albergar hasta 150 personas.\" \/>\n<meta name=\"robots\" content=\"index, follow, max-snippet:-1, max-image-preview:large, max-video-preview:-1\" \/>\n<link rel=\"canonical\" href=\"https:\/\/hotelfornoscalatayud.com\/en\/events\/\" \/>\n<meta property=\"og:locale\" content=\"en_GB\" \/>\n<meta property=\"og:type\" content=\"article\" \/>\n<meta property=\"og:title\" content=\"Eventos - Hotel Fornos Calatayud\" \/>\n<meta property=\"og:description\" content=\"En el hotel Fornos ponemos a su disposici\u00f3n dos salas de amplias dimensiones, con capacidad para albergar hasta 150 personas.\" \/>\n<meta property=\"og:url\" content=\"https:\/\/hotelfornoscalatayud.com\/en\/events\/\" \/>\n<meta property=\"og:site_name\" content=\"Hotel Fornos Calatayud\" \/>\n<meta property=\"article:modified_time\" content=\"2023-12-18T11:34:19+00:00\" \/>\n<meta property=\"og:image\" content=\"https:\/\/temporal.hotelfornoscalatayud.com\/wp-content\/uploads\/2023\/07\/restaurante-hotel-fornos-salon-grande-1024x683.jpg\" \/>\n<meta name=\"twitter:card\" content=\"summary_large_image\" \/>\n<meta name=\"twitter:label1\" content=\"Estimated reading time\" \/>\n\t<meta name=\"twitter:data1\" content=\"2 minutes\" \/>\n<script type=\"application\/ld+json\" class=\"yoast-schema-graph\">{\"@context\":\"https:\/\/schema.org\",\"@graph\":[{\"@type\":\"WebPage\",\"@id\":\"https:\/\/hotelfornoscalatayud.com\/eventos\/\",\"url\":\"https:\/\/hotelfornoscalatayud.com\/eventos\/\",\"name\":\"Eventos - Hotel Fornos Calatayud\",\"isPartOf\":{\"@id\":\"https:\/\/hotelfornoscalatayud.com\/#website\"},\"primaryImageOfPage\":{\"@id\":\"https:\/\/hotelfornoscalatayud.com\/eventos\/#primaryimage\"},\"image\":{\"@id\":\"https:\/\/hotelfornoscalatayud.com\/eventos\/#primaryimage\"},\"thumbnailUrl\":\"https:\/\/temporal.hotelfornoscalatayud.com\/wp-content\/uploads\/2023\/07\/restaurante-hotel-fornos-salon-grande-1024x683.jpg\",\"datePublished\":\"2023-05-03T10:01:34+00:00\",\"dateModified\":\"2023-12-18T11:34:19+00:00\",\"description\":\"En el hotel Fornos ponemos a su disposici\u00f3n dos salas de amplias dimensiones, con capacidad para albergar hasta 150 personas.\",\"breadcrumb\":{\"@id\":\"https:\/\/hotelfornoscalatayud.com\/eventos\/#breadcrumb\"},\"inLanguage\":\"en-GB\",\"potentialAction\":[{\"@type\":\"ReadAction\",\"target\":[\"https:\/\/hotelfornoscalatayud.com\/eventos\/\"]}]},{\"@type\":\"ImageObject\",\"inLanguage\":\"en-GB\",\"@id\":\"https:\/\/hotelfornoscalatayud.com\/eventos\/#primaryimage\",\"url\":\"https:\/\/temporal.hotelfornoscalatayud.com\/wp-content\/uploads\/2023\/07\/restaurante-hotel-fornos-salon-grande-1024x683.jpg\",\"contentUrl\":\"https:\/\/temporal.hotelfornoscalatayud.com\/wp-content\/uploads\/2023\/07\/restaurante-hotel-fornos-salon-grande-1024x683.jpg\"},{\"@type\":\"BreadcrumbList\",\"@id\":\"https:\/\/hotelfornoscalatayud.com\/eventos\/#breadcrumb\",\"itemListElement\":[{\"@type\":\"ListItem\",\"position\":1,\"name\":\"Portada\",\"item\":\"https:\/\/hotelfornoscalatayud.com\/\"},{\"@type\":\"ListItem\",\"position\":2,\"name\":\"Eventos\"}]},{\"@type\":\"WebSite\",\"@id\":\"https:\/\/hotelfornoscalatayud.com\/#website\",\"url\":\"https:\/\/hotelfornoscalatayud.com\/\",\"name\":\"Hotel Fornos Calatayud\",\"description\":\"\",\"potentialAction\":[{\"@type\":\"SearchAction\",\"target\":{\"@type\":\"EntryPoint\",\"urlTemplate\":\"https:\/\/hotelfornoscalatayud.com\/?s={search_term_string}\"},\"query-input\":{\"@type\":\"PropertyValueSpecification\",\"valueRequired\":true,\"valueName\":\"search_term_string\"}}],\"inLanguage\":\"en-GB\"}]}<\/script>\n<!-- \/ Yoast SEO plugin. -->","yoast_head_json":{"title":"Events - Hotel Fornos Calatayud","description":"In the hotel Fornos we put at your disposal two rooms of large dimensions, with capacity to accommodate up to 150 people.","robots":{"index":"index","follow":"follow","max-snippet":"max-snippet:-1","max-image-preview":"max-image-preview:large","max-video-preview":"max-video-preview:-1"},"canonical":"https:\/\/hotelfornoscalatayud.com\/en\/events\/","og_locale":"en_GB","og_type":"article","og_title":"Eventos - Hotel Fornos Calatayud","og_description":"En el hotel Fornos ponemos a su disposici\u00f3n dos salas de amplias dimensiones, con capacidad para albergar hasta 150 personas.","og_url":"https:\/\/hotelfornoscalatayud.com\/en\/events\/","og_site_name":"Hotel Fornos Calatayud","article_modified_time":"2023-12-18T11:34:19+00:00","og_image":[{"url":"https:\/\/temporal.hotelfornoscalatayud.com\/wp-content\/uploads\/2023\/07\/restaurante-hotel-fornos-salon-grande-1024x683.jpg","type":"","width":"","height":""}],"twitter_card":"summary_large_image","twitter_misc":{"Estimated reading time":"2 minutes"},"schema":{"@context":"https:\/\/schema.org","@graph":[{"@type":"WebPage","@id":"https:\/\/hotelfornoscalatayud.com\/eventos\/","url":"https:\/\/hotelfornoscalatayud.com\/eventos\/","name":"Events - Hotel Fornos Calatayud","isPartOf":{"@id":"https:\/\/hotelfornoscalatayud.com\/#website"},"primaryImageOfPage":{"@id":"https:\/\/hotelfornoscalatayud.com\/eventos\/#primaryimage"},"image":{"@id":"https:\/\/hotelfornoscalatayud.com\/eventos\/#primaryimage"},"thumbnailUrl":"https:\/\/temporal.hotelfornoscalatayud.com\/wp-content\/uploads\/2023\/07\/restaurante-hotel-fornos-salon-grande-1024x683.jpg","datePublished":"2023-05-03T10:01:34+00:00","dateModified":"2023-12-18T11:34:19+00:00","description":"In the hotel Fornos we put at your disposal two rooms of large dimensions, with capacity to accommodate up to 150 people.","breadcrumb":{"@id":"https:\/\/hotelfornoscalatayud.com\/eventos\/#breadcrumb"},"inLanguage":"en-GB","potentialAction":[{"@type":"ReadAction","target":["https:\/\/hotelfornoscalatayud.com\/eventos\/"]}]},{"@type":"ImageObject","inLanguage":"en-GB","@id":"https:\/\/hotelfornoscalatayud.com\/eventos\/#primaryimage","url":"https:\/\/temporal.hotelfornoscalatayud.com\/wp-content\/uploads\/2023\/07\/restaurante-hotel-fornos-salon-grande-1024x683.jpg","contentUrl":"https:\/\/temporal.hotelfornoscalatayud.com\/wp-content\/uploads\/2023\/07\/restaurante-hotel-fornos-salon-grande-1024x683.jpg"},{"@type":"BreadcrumbList","@id":"https:\/\/hotelfornoscalatayud.com\/eventos\/#breadcrumb","itemListElement":[{"@type":"ListItem","position":1,"name":"Portada","item":"https:\/\/hotelfornoscalatayud.com\/"},{"@type":"ListItem","position":2,"name":"Eventos"}]},{"@type":"WebSite","@id":"https:\/\/hotelfornoscalatayud.com\/#website","url":"https:\/\/hotelfornoscalatayud.com\/","name":"Hotel Fornos Calatayud","description":"","potentialAction":[{"@type":"SearchAction","target":{"@type":"EntryPoint","urlTemplate":"https:\/\/hotelfornoscalatayud.com\/?s={search_term_string}"},"query-input":{"@type":"PropertyValueSpecification","valueRequired":true,"valueName":"search_term_string"}}],"inLanguage":"en-GB"}]}},"uagb_featured_image_src":{"full":false,"thumbnail":false,"medium":false,"medium_large":false,"large":false,"1536x1536":false,"2048x2048":false,"trp-custom-language-flag":false},"uagb_author_info":{"display_name":"AdminFornos","author_link":"https:\/\/hotelfornoscalatayud.com\/en\/author\/adminfornos\/"},"uagb_comment_info":0,"uagb_excerpt":"Eventos\u200b En el hotel Fornos ponemos a su disposici\u00f3n&nbsp;dos salas de amplias dimensiones, con capacidad para albergar&nbsp;hasta 150 personas. Dos salas de amplias dimensiones Nuestras salas de reuniones multifuncionales&nbsp;est\u00e1n dotadas de megafon\u00eda, video, proyector y acceso a internet gratuito. Bajo petici\u00f3n el hotel puede facilitarte todos los medios audiovisuales y servicios que se precisen (azafatas,&hellip;","_links":{"self":[{"href":"https:\/\/hotelfornoscalatayud.com\/en\/wp-json\/wp\/v2\/pages\/1009","targetHints":{"allow":["GET"]}}],"collection":[{"href":"https:\/\/hotelfornoscalatayud.com\/en\/wp-json\/wp\/v2\/pages"}],"about":[{"href":"https:\/\/hotelfornoscalatayud.com\/en\/wp-json\/wp\/v2\/types\/page"}],"author":[{"embeddable":true,"href":"https:\/\/hotelfornoscalatayud.com\/en\/wp-json\/wp\/v2\/users\/1"}],"replies":[{"embeddable":true,"href":"https:\/\/hotelfornoscalatayud.com\/en\/wp-json\/wp\/v2\/comments?post=1009"}],"version-history":[{"count":58,"href":"https:\/\/hotelfornoscalatayud.com\/en\/wp-json\/wp\/v2\/pages\/1009\/revisions"}],"predecessor-version":[{"id":1650,"href":"https:\/\/hotelfornoscalatayud.com\/en\/wp-json\/wp\/v2\/pages\/1009\/revisions\/1650"}],"wp:attachment":[{"href":"https:\/\/hotelfornoscalatayud.com\/en\/wp-json\/wp\/v2\/media?parent=1009"}],"curies":[{"name":"wp","href":"https:\/\/api.w.org\/{rel}","templated":true}]}}